{"id":564,"date":"2024-06-29T19:14:45","date_gmt":"2024-06-29T19:14:45","guid":{"rendered":"https:\/\/myrh.org\/?page_id=564"},"modified":"2026-01-31T14:36:17","modified_gmt":"2026-01-31T20:36:17","slug":"oneway-generation","status":"publish","type":"page","link":"https:\/\/myrh.org\/es\/oneway-generation\/","title":{"rendered":"Ministerios de J\u00f3venes"},"content":{"rendered":"<div class=\"wpb-content-wrapper\"><div data-vc-full-width=\"true\" data-vc-full-width-init=\"false\" data-vc-stretch-content=\"true\" class=\"vc_row wpb_row vc_row-fluid vc_custom_1730858619215 vc_row-no-padding\"><div class=\"wpb_column vc_column_container vc_col-sm-12\"><div class=\"vc_column-inner\"><div class=\"wpb_wrapper\">\n\t<div class=\"wpb_text_column wpb_content_element vc_custom_1755827347086\" >\n\t\t<div class=\"wpb_wrapper\">\n\t\t\t<p style=\"text-align: center;\"><span style=\"font-size: 10px; color: #7c7873;\"><span style=\"color: #ffffff;\"><strong>DOMINGOS 10:00 AM \u00a0|  MI\u00c9RCOLES 6:00 PM<\/strong><\/span><br \/>\n<\/span><\/p>\n\n\t\t<\/div>\n\t<\/div>\n<div class=\"vc_row wpb_row vc_inner vc_row-fluid\"><div class=\"wpb_column vc_column_container vc_col-sm-12\"><div class=\"vc_column-inner\"><div class=\"wpb_wrapper\"><h1 style=\"color: #1e73be;text-align: center\" class=\"vc_custom_heading vc_do_custom_heading\" >Ministerios de J\u00f3venes<\/h1><\/div><\/div><\/div><\/div><\/div><\/div><\/div><div class=\"wpb_column vc_column_container vc_col-sm-12\"><div class=\"vc_column-inner\"><div class=\"wpb_wrapper\"><\/div><\/div><\/div><\/div><div class=\"vc_row-full-width vc_clearfix\"><\/div><div data-vc-full-width=\"true\" data-vc-full-width-init=\"false\" data-vc-stretch-content=\"true\" class=\"vc_row wpb_row vc_row-fluid vc_row-o-content-middle vc_row-flex\"><div class=\"wpb_column vc_column_container vc_col-sm-3\"><div class=\"vc_column-inner\"><div class=\"wpb_wrapper\"><\/div><\/div><\/div><div class=\"wpb_column vc_column_container vc_col-sm-6\"><div class=\"vc_column-inner\"><div class=\"wpb_wrapper\"><div class=\"vc_empty_space\"   style=\"height: 64px\"><span class=\"vc_empty_space_inner\"><\/span><\/div>\n\t<div class=\"wpb_text_column wpb_content_element\" >\n\t\t<div class=\"wpb_wrapper\">\n\t\t\t<section>\n<h3 class=\"mb-2 mt-6 text-lg first:mt-3\">Ministerio de Estudiantes de Secundaria y Preparatoria<\/h3>\n<p>En Restoration House Family Worship Center, nos apasiona nutrir la fe de nuestros estudiantes de secundaria y preparatoria a trav\u00e9s de nuestro vibrante ministerio Oneway Generation. Ubicados en el coraz\u00f3n de Hopkinsville, Kentucky, servimos a adolescentes de toda la regi\u00f3n fronteriza entre Kentucky y Tennessee, brindando un espacio donde la fe, la diversi\u00f3n y la amistad se unen.<\/p>\n<div style=\"position: relative; padding-bottom: 56.25%; height: 0; overflow: hidden; max-width: 100%; margin-bottom: 1.5rem;\"><iframe style=\"position: absolute; top: 0; left: 0; width: 100%; height: 100%; pointer-events: none;\" src=\"https:\/\/www.youtube.com\/embed\/UzXidbOhsls?autoplay=1&amp;mute=1&amp;controls=0&amp;loop=1&amp;playlist=UzXidbOhsls&amp;modestbranding=1&amp;showinfo=0&amp;rel=0\" frameborder=\"0\" allowfullscreen=\"allowfullscreen\"><br \/>\n<\/iframe><\/div>\n<p>&nbsp;<\/p>\n<h3 class=\"mb-2 mt-6 text-lg first:mt-3\">\u00bfPor qu\u00e9 existimos?<\/h3>\n<ul class=\"list-disc pl-8\">\n<li>Conocer a Dios y darlo a conocer.<\/li>\n<li>Ver a estudiantes que est\u00e1n lejos de Dios llegar a conocerlo como su Se\u00f1or y Salvador y conocer Su coraz\u00f3n para cada uno de ellos, conforme a Su palabra.<\/li>\n<li>Ense\u00f1e a cada estudiante c\u00f3mo ser un seguidor de Cristo honrando a Dios y Su palabra, amando como Jes\u00fas, sirviendo como Jes\u00fas y disfrutando su vida en Cristo.<\/li>\n<\/ul>\n<p>&nbsp;<\/p>\n<div style=\"position: relative; padding-bottom: 56.25%; height: 0; overflow: hidden; max-width: 800px; margin: 1.5rem auto;\"><iframe style=\"position: absolute; top: 0; left: 0; width: 100%; height: 100%; border: none; overflow: hidden; display: block;\" src=\"https:\/\/www.facebook.com\/plugins\/video.php?href=https%3A%2F%2Fwww.facebook.com%2FMyOnewayG%2Fvideos%2F616558486188339%2F&amp;show_text=false&amp;width=800&amp;height=450&amp;t=0\" frameborder=\"0\" scrolling=\"no\" allowfullscreen=\"allowfullscreen\"><br \/>\n<\/iframe><\/div>\n<p>&nbsp;<\/p>\n<h3 class=\"mb-2 mt-6 text-lg first:mt-3\">\u00danete a nosotros los mi\u00e9rcoles a las 6PM<\/h3>\n<p>A lo largo del a\u00f1o, Oneway Generation organiza diversos eventos, incluidos retiros, proyectos de servicio y salidas divertidas. Estas actividades ayudan a fortalecer los v\u00ednculos dentro de nuestra comunidad juvenil.<\/p>\n<p style=\"text-align: center;\">Con\u00e9ctate con nosotros en Facebook a continuaci\u00f3n.<\/p>\n<\/section>\n\n\t\t<\/div>\n\t<\/div>\n<div class=\"vc_empty_space\"   style=\"height: 16px\"><span class=\"vc_empty_space_inner\"><\/span><\/div>\t\t\r\n\t\t<div class=\"caw-button-wrapper caw-button-addon-1-box\" style=\"text-align:center;\">\r\n\t\t\t\t\t<a \t\t\t\r\n\t\t\thref=\"https:\/\/www.facebook.com\/MyOnewayG\" \r\n\t\t\ttarget=\"_blank\" \r\n\t\t\ttitle=\"\" \r\n\t\t\tclass=\"caw-btn  vc_custom_1759541137097 caw-btn-trans-hover hvr-float-shadow  vc_custom_1759540728927  vc_custom_1759540736731\"\r\n\t\t\tstyle=\"font-size: 16px;color: #ffffff;background-color: #1ec1fc;border-radius: 50px;\" \r\n\t\t>\r\n\t\t\t\t\t<i class=\"\"><\/i>\r\n\t\t\u00danete en Facebook\t\t<\/a>\r\n\r\n\t\t\t\t\t\r\n\t\t<\/div>\r\n\t\t<div class=\"vc_empty_space\"   style=\"height: 64px\"><span class=\"vc_empty_space_inner\"><\/span><\/div><\/div><\/div><\/div><div class=\"wpb_column vc_column_container vc_col-sm-3\"><div class=\"vc_column-inner\"><div class=\"wpb_wrapper\"><\/div><\/div><\/div><\/div><div class=\"vc_row-full-width vc_clearfix\"><\/div><div data-vc-full-width=\"true\" data-vc-full-width-init=\"false\" data-vc-stretch-content=\"true\" class=\"vc_row wpb_row vc_row-fluid vc_custom_1760026343003 vc_row-has-fill\"><div class=\"wpb_column vc_column_container vc_col-sm-2\"><div class=\"vc_column-inner\"><div class=\"wpb_wrapper\"><\/div><\/div><\/div><div class=\"wpb_column vc_column_container vc_col-sm-8\"><div class=\"vc_column-inner\"><div class=\"wpb_wrapper\"><div class=\"vc_row wpb_row vc_inner vc_row-fluid\"><div class=\"wpb_column vc_column_container vc_col-sm-12\"><div class=\"vc_column-inner\"><div class=\"wpb_wrapper\"><div class=\"vc_empty_space\"   style=\"height: 50px\"><span class=\"vc_empty_space_inner\"><\/span><\/div>\n\t<div  class=\"wpb_single_image wpb_content_element vc_align_center wpb_content_element\">\n\t\t\n\t\t<figure class=\"wpb_wrapper vc_figure\">\n\t\t\t<div class=\"vc_single_image-wrapper   vc_box_border_grey\"><img loading=\"lazy\" decoding=\"async\" width=\"1920\" height=\"1080\" src=\"https:\/\/myrh.org\/wp-content\/uploads\/2025\/02\/2025-Oneway-Sundays-and-Wednesdays-upscale.png\" class=\"vc_single_image-img attachment-full\" alt=\"\" title=\"Oneway Sundays and Wednesdays\" srcset=\"https:\/\/myrh.org\/wp-content\/uploads\/2025\/02\/2025-Oneway-Sundays-and-Wednesdays-upscale.png 1920w, https:\/\/myrh.org\/wp-content\/uploads\/2025\/02\/2025-Oneway-Sundays-and-Wednesdays-upscale-300x169.png 300w, https:\/\/myrh.org\/wp-content\/uploads\/2025\/02\/2025-Oneway-Sundays-and-Wednesdays-upscale-1024x576.png 1024w, https:\/\/myrh.org\/wp-content\/uploads\/2025\/02\/2025-Oneway-Sundays-and-Wednesdays-upscale-768x432.png 768w, https:\/\/myrh.org\/wp-content\/uploads\/2025\/02\/2025-Oneway-Sundays-and-Wednesdays-upscale-1536x864.png 1536w, https:\/\/myrh.org\/wp-content\/uploads\/2025\/02\/2025-Oneway-Sundays-and-Wednesdays-upscale-18x10.png 18w\" sizes=\"auto, (max-width: 1920px) 100vw, 1920px\" \/><\/div>\n\t\t<\/figure>\n\t<\/div>\n<\/div><\/div><\/div><\/div><div class=\"vc_empty_space\"   style=\"height: 40px\"><span class=\"vc_empty_space_inner\"><\/span><\/div><div class=\"vc_empty_space\"   style=\"height: 25px\"><span class=\"vc_empty_space_inner\"><\/span><\/div><\/div><\/div><\/div><div class=\"wpb_column vc_column_container vc_col-sm-2\"><div class=\"vc_column-inner\"><div class=\"wpb_wrapper\"><\/div><\/div><\/div><\/div><div class=\"vc_row-full-width vc_clearfix\"><\/div><div data-vc-full-width=\"true\" data-vc-full-width-init=\"false\" data-vc-stretch-content=\"true\" class=\"vc_row wpb_row vc_row-fluid vc_custom_1719690742534 vc_row-has-fill\"><div class=\"wpb_column vc_column_container vc_col-sm-3\"><div class=\"vc_column-inner\"><div class=\"wpb_wrapper\"><\/div><\/div><\/div><div class=\"wpb_column vc_column_container vc_col-sm-6\"><div class=\"vc_column-inner\"><div class=\"wpb_wrapper\"><div class=\"vc_row wpb_row vc_inner vc_row-fluid\"><div class=\"wpb_column vc_column_container vc_col-sm-6\"><div class=\"vc_column-inner\"><div class=\"wpb_wrapper\"><section class=\"vc_cta3-container\"><div class=\"vc_general vc_do_cta3 vc_cta3 vc_cta3-style-3d vc_cta3-shape-rounded vc_cta3-align-center vc_cta3-color-grey vc_cta3-icon-size-md vc_cta3-actions-bottom\"><div class=\"vc_cta3_content-container\"><div class=\"vc_cta3-content\"><header class=\"vc_cta3-content-header\"><h2>Obtenga la aplicaci\u00f3n m\u00f3vil<\/h2><h4>para Apple<\/h4><\/header><p><img loading=\"lazy\" decoding=\"async\" class=\"size-medium wp-image-283 aligncenter\" src=\"https:\/\/myrh.org\/wp-content\/uploads\/2024\/05\/RH-available-on-the-app-store-apple2-300x210.jpeg\" alt=\"\" width=\"300\" height=\"210\" srcset=\"https:\/\/myrh.org\/wp-content\/uploads\/2024\/05\/RH-available-on-the-app-store-apple2-300x210.jpeg 300w, https:\/\/myrh.org\/wp-content\/uploads\/2024\/05\/RH-available-on-the-app-store-apple2.jpeg 600w\" sizes=\"auto, (max-width: 300px) 100vw, 300px\" \/><\/p>\n<\/div><div class=\"vc_cta3-actions\"><div class=\"vc_btn3-container  wpb_animate_when_almost_visible wpb_fadeInUp fadeInUp vc_btn3-center vc_do_btn\" ><a class=\"vc_general vc_btn3 vc_btn3-size-md vc_btn3-shape-round vc_btn3-style-3d vc_btn3-color-white\" href=\"https:\/\/apps.apple.com\/us\/app\/restoration-house-fwc\/id1237314987\" title=\"\">Descarga para iPhone<\/a><\/div><\/div><\/div><\/div><\/section><\/div><\/div><\/div><div class=\"wpb_column vc_column_container vc_col-sm-6\"><div class=\"vc_column-inner\"><div class=\"wpb_wrapper\"><section class=\"vc_cta3-container\"><div class=\"vc_general vc_do_cta3 vc_cta3 vc_cta3-style-3d vc_cta3-shape-rounded vc_cta3-align-center vc_cta3-color-grey vc_cta3-icon-size-md vc_cta3-actions-bottom\"><div class=\"vc_cta3_content-container\"><div class=\"vc_cta3-content\"><header class=\"vc_cta3-content-header\"><h2>Obtenga la aplicaci\u00f3n m\u00f3vil<\/h2><h4>Para Android<\/h4><\/header><p><img loading=\"lazy\" decoding=\"async\" class=\"wp-image-282 size-medium aligncenter\" src=\"https:\/\/myrh.org\/wp-content\/uploads\/2024\/05\/RH-available-on-the-app-store-android2-300x210.jpeg\" alt=\"\" width=\"300\" height=\"210\" srcset=\"https:\/\/myrh.org\/wp-content\/uploads\/2024\/05\/RH-available-on-the-app-store-android2-300x210.jpeg 300w, https:\/\/myrh.org\/wp-content\/uploads\/2024\/05\/RH-available-on-the-app-store-android2.jpeg 600w\" sizes=\"auto, (max-width: 300px) 100vw, 300px\" \/><\/p>\n<\/div><div class=\"vc_cta3-actions\"><div class=\"vc_btn3-container  wpb_animate_when_almost_visible wpb_fadeInUp fadeInUp vc_btn3-center vc_do_btn\" ><a class=\"vc_general vc_btn3 vc_btn3-size-md vc_btn3-shape-round vc_btn3-style-3d vc_btn3-color-white\" href=\"https:\/\/play.google.com\/store\/apps\/details?id=com.echurchapps.restorationky\" title=\"\">Descarga para Android<\/a><\/div><\/div><\/div><\/div><\/section><\/div><\/div><\/div><\/div><\/div><\/div><\/div><div class=\"wpb_column vc_column_container vc_col-sm-3\"><div class=\"vc_column-inner\"><div class=\"wpb_wrapper\"><\/div><\/div><\/div><\/div><div class=\"vc_row-full-width vc_clearfix\"><\/div><div data-vc-full-width=\"true\" data-vc-full-width-init=\"false\" data-vc-stretch-content=\"true\" class=\"vc_row wpb_row vc_row-fluid vc_custom_1716225169416 vc_row-no-padding vc_row-o-content-middle vc_row-flex\"><div class=\"wpb_column vc_column_container vc_col-sm-12\"><div class=\"vc_column-inner\"><div class=\"wpb_wrapper\"><\/div><\/div><\/div><\/div><div class=\"vc_row-full-width vc_clearfix\"><\/div>\n<\/div>","protected":false},"excerpt":{"rendered":"SUNDAYS 10:00 AM \u00a0\u00a0| \u00a0\u00a0WEDNESDAYS 6:00 PM Youth Ministries Middle and High School Student Ministry At Restoration House Family Worship [...]","protected":false},"author":1,"featured_media":64,"parent":0,"menu_order":0,"comment_status":"closed","ping_status":"closed","template":"","meta":{"_coblocks_attr":"","_coblocks_dimensions":"","_coblocks_responsive_height":"","_coblocks_accordion_ie_support":"","site-sidebar-layout":"no-sidebar","site-content-layout":"plain-container","ast-site-content-layout":"default","site-content-style":"default","site-sidebar-style":"default","ast-global-header-display":"","ast-banner-title-visibility":"","ast-main-header-display":"","ast-hfb-above-header-display":"","ast-hfb-below-header-display":"","ast-hfb-mobile-header-display":"","site-post-title":"disabled","ast-breadcrumbs-content":"disabled","ast-featured-img":"disabled","footer-sml-layout":"","ast-disable-related-posts":"","theme-transparent-header-meta":"default","adv-header-id-meta":"","stick-header-meta":"","header-above-stick-meta":"","header-main-stick-meta":"","header-below-stick-meta":"","astra-migrate-meta-layouts":"set","ast-page-background-enabled":"default","ast-page-background-meta":{"desktop":{"background-color":"var(--ast-global-color-4)","background-image":"","background-repeat":"repeat","background-position":"center center","background-size":"auto","background-attachment":"scroll","background-type":"","background-media":"","overlay-type":"","overlay-color":"","overlay-opacity":"","overlay-gradient":""},"tablet":{"background-color":"","background-image":"","background-repeat":"repeat","background-position":"center center","background-size":"auto","background-attachment":"scroll","background-type":"","background-media":"","overlay-type":"","overlay-color":"","overlay-opacity":"","overlay-gradient":""},"mobile":{"background-color":"","background-image":"","background-repeat":"repeat","background-position":"center center","background-size":"auto","background-attachment":"scroll","background-type":"","background-media":"","overlay-type":"","overlay-color":"","overlay-opacity":"","overlay-gradient":""}},"ast-content-background-meta":{"desktop":{"background-color":"var(--ast-global-color-5)","background-image":"","background-repeat":"repeat","background-position":"center center","background-size":"auto","background-attachment":"scroll","background-type":"","background-media":"","overlay-type":"","overlay-color":"","overlay-opacity":"","overlay-gradient":""},"tablet":{"background-color":"var(--ast-global-color-5)","background-image":"","background-repeat":"repeat","background-position":"center center","background-size":"auto","background-attachment":"scroll","background-type":"","background-media":"","overlay-type":"","overlay-color":"","overlay-opacity":"","overlay-gradient":""},"mobile":{"background-color":"var(--ast-global-color-5)","background-image":"","background-repeat":"repeat","background-position":"center center","background-size":"auto","background-attachment":"scroll","background-type":"","background-media":"","overlay-type":"","overlay-color":"","overlay-opacity":"","overlay-gradient":""}},"_price":"","_stock":"","_tribe_ticket_header":"","_tribe_default_ticket_provider":"","_tribe_ticket_capacity":"0","_ticket_start_date":"","_ticket_end_date":"","_tribe_ticket_show_description":"","_tribe_ticket_show_not_going":false,"_tribe_ticket_use_global_stock":"","_tribe_ticket_global_stock_level":"","_global_stock_mode":"","_global_stock_cap":"","_tribe_rsvp_for_event":"","_tribe_ticket_going_count":"","_tribe_ticket_not_going_count":"","_tribe_tickets_list":"[]","_tribe_ticket_has_attendee_info_fields":false,"footnotes":"","_tec_slr_enabled":"","_tec_slr_layout":""},"class_list":["post-564","page","type-page","status-publish","has-post-thumbnail","hentry"],"yoast_head":"<!-- This site is optimized with the Yoast SEO plugin v27.5 - https:\/\/yoast.com\/product\/yoast-seo-wordpress\/ -->\n<title>Youth Ministries - RH Family Worship Center<\/title>\n<meta name=\"description\" content=\"Oneway Generation Youth at Restoration House\u2014faith, friendship, and fun for teens in Hopkinsville. Join our youth group events.\" \/>\n<meta name=\"robots\" content=\"index, follow, max-snippet:-1, max-image-preview:large, max-video-preview:-1\" \/>\n<link rel=\"canonical\" href=\"https:\/\/myrh.org\/es\/oneway-generation\/\" \/>\n<meta property=\"og:locale\" content=\"es_MX\" \/>\n<meta property=\"og:type\" content=\"article\" \/>\n<meta property=\"og:title\" content=\"Christian Youth Unite\" \/>\n<meta property=\"og:description\" content=\"Oneway Generation Youth at Restoration House\u2014faith, friendship, and fun for teens in Hopkinsville. Join our youth group events.\" \/>\n<meta property=\"og:url\" content=\"https:\/\/myrh.org\/es\/oneway-generation\/\" \/>\n<meta property=\"og:site_name\" content=\"RH Family Worship Center\" \/>\n<meta property=\"article:publisher\" content=\"https:\/\/www.facebook.com\/RHhopkinsville\" \/>\n<meta property=\"article:modified_time\" content=\"2026-01-31T20:36:17+00:00\" \/>\n<meta property=\"og:image\" content=\"https:\/\/myrh.org\/wp-content\/uploads\/2025\/02\/2025-Oneway-Sundays-and-Wednesdays-upscale.png\" \/>\n\t<meta property=\"og:image:width\" content=\"1920\" \/>\n\t<meta property=\"og:image:height\" content=\"1080\" \/>\n\t<meta property=\"og:image:type\" content=\"image\/png\" \/>\n<meta name=\"twitter:card\" content=\"summary_large_image\" \/>\n<meta name=\"twitter:title\" content=\"Christian Youth Unite\" \/>\n<meta name=\"twitter:description\" content=\"Oneway Generation Youth at Restoration House\u2014faith, friendship, and fun for teens in Hopkinsville. Join our youth group events.\" \/>\n<meta name=\"twitter:image\" content=\"https:\/\/myrh.org\/wp-content\/uploads\/2025\/02\/2025-Oneway-Sundays-and-Wednesdays-upscale.png\" \/>\n<meta name=\"twitter:label1\" content=\"Tiempo de lectura\" \/>\n\t<meta name=\"twitter:data1\" content=\"6 minutos\" \/>\n<script type=\"application\/ld+json\" class=\"yoast-schema-graph\">{\"@context\":\"https:\\\/\\\/schema.org\",\"@graph\":[{\"@type\":\"WebPage\",\"@id\":\"https:\\\/\\\/myrh.org\\\/oneway-generation\\\/\",\"url\":\"https:\\\/\\\/myrh.org\\\/oneway-generation\\\/\",\"name\":\"Youth Ministries - RH Family Worship Center\",\"isPartOf\":{\"@id\":\"https:\\\/\\\/myrh.org\\\/#website\"},\"primaryImageOfPage\":{\"@id\":\"https:\\\/\\\/myrh.org\\\/oneway-generation\\\/#primaryimage\"},\"image\":{\"@id\":\"https:\\\/\\\/myrh.org\\\/oneway-generation\\\/#primaryimage\"},\"thumbnailUrl\":\"https:\\\/\\\/myrh.org\\\/wp-content\\\/uploads\\\/2024\\\/05\\\/Website-Oneway-Promo-2560-\u00d7-1440-px-e1689082724266.jpeg\",\"datePublished\":\"2024-06-29T19:14:45+00:00\",\"dateModified\":\"2026-01-31T20:36:17+00:00\",\"description\":\"Oneway Generation Youth at Restoration House\u2014faith, friendship, and fun for teens in Hopkinsville. Join our youth group events.\",\"breadcrumb\":{\"@id\":\"https:\\\/\\\/myrh.org\\\/oneway-generation\\\/#breadcrumb\"},\"inLanguage\":\"es\",\"potentialAction\":[{\"@type\":\"ReadAction\",\"target\":[\"https:\\\/\\\/myrh.org\\\/oneway-generation\\\/\"]}]},{\"@type\":\"ImageObject\",\"inLanguage\":\"es\",\"@id\":\"https:\\\/\\\/myrh.org\\\/oneway-generation\\\/#primaryimage\",\"url\":\"https:\\\/\\\/myrh.org\\\/wp-content\\\/uploads\\\/2024\\\/05\\\/Website-Oneway-Promo-2560-\u00d7-1440-px-e1689082724266.jpeg\",\"contentUrl\":\"https:\\\/\\\/myrh.org\\\/wp-content\\\/uploads\\\/2024\\\/05\\\/Website-Oneway-Promo-2560-\u00d7-1440-px-e1689082724266.jpeg\",\"width\":1920,\"height\":1080,\"caption\":\"Youth\"},{\"@type\":\"BreadcrumbList\",\"@id\":\"https:\\\/\\\/myrh.org\\\/oneway-generation\\\/#breadcrumb\",\"itemListElement\":[{\"@type\":\"ListItem\",\"position\":1,\"name\":\"Home\",\"item\":\"https:\\\/\\\/myrh.org\\\/\"},{\"@type\":\"ListItem\",\"position\":2,\"name\":\"Youth Ministries\"}]},{\"@type\":\"WebSite\",\"@id\":\"https:\\\/\\\/myrh.org\\\/#website\",\"url\":\"https:\\\/\\\/myrh.org\\\/\",\"name\":\"Restoration House Family Worship Center\",\"description\":\"A Multi-ethnic Family Church\",\"publisher\":{\"@id\":\"https:\\\/\\\/myrh.org\\\/#organization\"},\"alternateName\":\"myRH\",\"potentialAction\":[{\"@type\":\"SearchAction\",\"target\":{\"@type\":\"EntryPoint\",\"urlTemplate\":\"https:\\\/\\\/myrh.org\\\/?s={search_term_string}\"},\"query-input\":{\"@type\":\"PropertyValueSpecification\",\"valueRequired\":true,\"valueName\":\"search_term_string\"}}],\"inLanguage\":\"es\"},{\"@type\":\"Organization\",\"@id\":\"https:\\\/\\\/myrh.org\\\/#organization\",\"name\":\"Restoration House Family Worship Center\",\"alternateName\":\"myRH\",\"url\":\"https:\\\/\\\/myrh.org\\\/\",\"logo\":{\"@type\":\"ImageObject\",\"inLanguage\":\"es\",\"@id\":\"https:\\\/\\\/myrh.org\\\/#\\\/schema\\\/logo\\\/image\\\/\",\"url\":\"https:\\\/\\\/myrh.org\\\/wp-content\\\/uploads\\\/2024\\\/05\\\/RH-website-logo-white-100px.png\",\"contentUrl\":\"https:\\\/\\\/myrh.org\\\/wp-content\\\/uploads\\\/2024\\\/05\\\/RH-website-logo-white-100px.png\",\"width\":100,\"height\":100,\"caption\":\"Restoration House Family Worship Center\"},\"image\":{\"@id\":\"https:\\\/\\\/myrh.org\\\/#\\\/schema\\\/logo\\\/image\\\/\"},\"sameAs\":[\"https:\\\/\\\/www.facebook.com\\\/RHhopkinsville\"]}]}<\/script>\n<!-- \/ Yoast SEO plugin. -->","yoast_head_json":{"title":"Youth Ministries - RH Family Worship Center","description":"Oneway Generation Youth at Restoration House\u2014faith, friendship, and fun for teens in Hopkinsville. Join our youth group events.","robots":{"index":"index","follow":"follow","max-snippet":"max-snippet:-1","max-image-preview":"max-image-preview:large","max-video-preview":"max-video-preview:-1"},"canonical":"https:\/\/myrh.org\/es\/oneway-generation\/","og_locale":"es_MX","og_type":"article","og_title":"Christian Youth Unite","og_description":"Oneway Generation Youth at Restoration House\u2014faith, friendship, and fun for teens in Hopkinsville. Join our youth group events.","og_url":"https:\/\/myrh.org\/es\/oneway-generation\/","og_site_name":"RH Family Worship Center","article_publisher":"https:\/\/www.facebook.com\/RHhopkinsville","article_modified_time":"2026-01-31T20:36:17+00:00","og_image":[{"width":1920,"height":1080,"url":"https:\/\/myrh.org\/wp-content\/uploads\/2025\/02\/2025-Oneway-Sundays-and-Wednesdays-upscale.png","type":"image\/png"}],"twitter_card":"summary_large_image","twitter_title":"Christian Youth Unite","twitter_description":"Oneway Generation Youth at Restoration House\u2014faith, friendship, and fun for teens in Hopkinsville. Join our youth group events.","twitter_image":"https:\/\/myrh.org\/wp-content\/uploads\/2025\/02\/2025-Oneway-Sundays-and-Wednesdays-upscale.png","twitter_misc":{"Tiempo de lectura":"6 minutos"},"schema":{"@context":"https:\/\/schema.org","@graph":[{"@type":"WebPage","@id":"https:\/\/myrh.org\/oneway-generation\/","url":"https:\/\/myrh.org\/oneway-generation\/","name":"Youth Ministries - RH Family Worship Center","isPartOf":{"@id":"https:\/\/myrh.org\/#website"},"primaryImageOfPage":{"@id":"https:\/\/myrh.org\/oneway-generation\/#primaryimage"},"image":{"@id":"https:\/\/myrh.org\/oneway-generation\/#primaryimage"},"thumbnailUrl":"https:\/\/myrh.org\/wp-content\/uploads\/2024\/05\/Website-Oneway-Promo-2560-\u00d7-1440-px-e1689082724266.jpeg","datePublished":"2024-06-29T19:14:45+00:00","dateModified":"2026-01-31T20:36:17+00:00","description":"Oneway Generation Youth at Restoration House\u2014faith, friendship, and fun for teens in Hopkinsville. Join our youth group events.","breadcrumb":{"@id":"https:\/\/myrh.org\/oneway-generation\/#breadcrumb"},"inLanguage":"es","potentialAction":[{"@type":"ReadAction","target":["https:\/\/myrh.org\/oneway-generation\/"]}]},{"@type":"ImageObject","inLanguage":"es","@id":"https:\/\/myrh.org\/oneway-generation\/#primaryimage","url":"https:\/\/myrh.org\/wp-content\/uploads\/2024\/05\/Website-Oneway-Promo-2560-\u00d7-1440-px-e1689082724266.jpeg","contentUrl":"https:\/\/myrh.org\/wp-content\/uploads\/2024\/05\/Website-Oneway-Promo-2560-\u00d7-1440-px-e1689082724266.jpeg","width":1920,"height":1080,"caption":"Youth"},{"@type":"BreadcrumbList","@id":"https:\/\/myrh.org\/oneway-generation\/#breadcrumb","itemListElement":[{"@type":"ListItem","position":1,"name":"Home","item":"https:\/\/myrh.org\/"},{"@type":"ListItem","position":2,"name":"Youth Ministries"}]},{"@type":"WebSite","@id":"https:\/\/myrh.org\/#website","url":"https:\/\/myrh.org\/","name":"Restoration House Family Worship Center","description":"A Multi-ethnic Family Church","publisher":{"@id":"https:\/\/myrh.org\/#organization"},"alternateName":"myRH","potentialAction":[{"@type":"SearchAction","target":{"@type":"EntryPoint","urlTemplate":"https:\/\/myrh.org\/?s={search_term_string}"},"query-input":{"@type":"PropertyValueSpecification","valueRequired":true,"valueName":"search_term_string"}}],"inLanguage":"es"},{"@type":"Organization","@id":"https:\/\/myrh.org\/#organization","name":"Restoration House Family Worship Center","alternateName":"myRH","url":"https:\/\/myrh.org\/","logo":{"@type":"ImageObject","inLanguage":"es","@id":"https:\/\/myrh.org\/#\/schema\/logo\/image\/","url":"https:\/\/myrh.org\/wp-content\/uploads\/2024\/05\/RH-website-logo-white-100px.png","contentUrl":"https:\/\/myrh.org\/wp-content\/uploads\/2024\/05\/RH-website-logo-white-100px.png","width":100,"height":100,"caption":"Restoration House Family Worship Center"},"image":{"@id":"https:\/\/myrh.org\/#\/schema\/logo\/image\/"},"sameAs":["https:\/\/www.facebook.com\/RHhopkinsville"]}]}},"ticketed":false,"_links":{"self":[{"href":"https:\/\/myrh.org\/es\/wp-json\/wp\/v2\/pages\/564","targetHints":{"allow":["GET"]}}],"collection":[{"href":"https:\/\/myrh.org\/es\/wp-json\/wp\/v2\/pages"}],"about":[{"href":"https:\/\/myrh.org\/es\/wp-json\/wp\/v2\/types\/page"}],"author":[{"embeddable":true,"href":"https:\/\/myrh.org\/es\/wp-json\/wp\/v2\/users\/1"}],"replies":[{"embeddable":true,"href":"https:\/\/myrh.org\/es\/wp-json\/wp\/v2\/comments?post=564"}],"version-history":[{"count":73,"href":"https:\/\/myrh.org\/es\/wp-json\/wp\/v2\/pages\/564\/revisions"}],"predecessor-version":[{"id":2509,"href":"https:\/\/myrh.org\/es\/wp-json\/wp\/v2\/pages\/564\/revisions\/2509"}],"wp:featuredmedia":[{"embeddable":true,"href":"https:\/\/myrh.org\/es\/wp-json\/wp\/v2\/media\/64"}],"wp:attachment":[{"href":"https:\/\/myrh.org\/es\/wp-json\/wp\/v2\/media?parent=564"}],"curies":[{"name":"wp","href":"https:\/\/api.w.org\/{rel}","templated":true}]}}