{"id":3,"date":"2024-04-18T17:07:16","date_gmt":"2024-04-18T17:07:16","guid":{"rendered":"https:\/\/myrh.org\/?page_id=3"},"modified":"2025-06-11T10:54:02","modified_gmt":"2025-06-11T15:54:02","slug":"privacy-policy","status":"publish","type":"page","link":"https:\/\/myrh.org\/es\/privacy-policy\/","title":{"rendered":"Pol\u00edtica de privacidad"},"content":{"rendered":"<div class=\"wpb-content-wrapper\"><div class=\"vc_row wpb_row vc_row-fluid\"><div class=\"wpb_column vc_column_container vc_col-sm-12\"><div class=\"vc_column-inner\"><div class=\"wpb_wrapper\">\n\t<div class=\"wpb_text_column wpb_content_element\" >\n\t\t<div class=\"wpb_wrapper\">\n\t\t\t<div class=\"relative\">\n<div class=\"prose text-pretty dark:prose-invert inline leading-normal break-words min-w-0 &#091;word-break:break-word&#093;\">\n<p style=\"text-align: center;\"><em>Actualizado en marzo de 2025<\/em><\/p>\n<h2 class=\"mb-xs mt-5 text-base font-&#091;525&#093; first:mt-3\"><strong>Pol\u00edtica de privacidad<\/strong><\/h2>\n<p class=\"my-0\"><strong>Quienes somos<\/strong><\/p>\n<p class=\"my-0\">El Centro de Adoraci\u00f3n Familiar Restoration House se compromete a proteger su privacidad. La direcci\u00f3n de nuestro sitio web es:\u00a0<a class=\"break-word hover:text-super hover:decoration-super dark:hover:text-superDark dark:hover:decoration-superDark underline decoration-from-font underline-offset-1 transition-all duration-300\" href=\"https:\/\/myrh.org\/es\/\" target=\"_blank\" rel=\"nofollow noopener\">https:\/\/myrh.org<\/a>.<\/p>\n<p class=\"my-0\"><strong>Qu\u00e9 datos recopilamos y por qu\u00e9<\/strong><\/p>\n<p class=\"my-0\"><strong>Visitantes del sitio web<\/strong><\/p>\n<p class=\"my-0\">Cuando los visitantes acceden a nuestro sitio, recopilamos autom\u00e1ticamente cierta informaci\u00f3n, como direcciones IP, tipo de navegador y patrones de navegaci\u00f3n, mediante cookies. Esto se hace para mejorar la funcionalidad del sitio y la experiencia del usuario, as\u00ed como para recopilar informaci\u00f3n demogr\u00e1fica general para uso agregado. Estos datos no identifican a los usuarios individuales.<\/p>\n<p class=\"my-0\"><strong>Sitio web Cookies<\/strong><\/p>\n<p class=\"my-0\">Utilizamos cookies para mejorar tu experiencia. Las cookies son peque\u00f1os archivos de texto que se almacenan en tu dispositivo. Nos ayudan a recordar tus preferencias y a comprender c\u00f3mo utilizas nuestro sitio. Puedes controlar las cookies a trav\u00e9s de la configuraci\u00f3n de tu navegador.<\/p>\n<p class=\"my-0\"><strong>Contenido incrustado de otros sitios web<\/strong><\/p>\n<p class=\"my-0\">Las p\u00e1ginas de este sitio pueden incluir contenido incrustado (por ejemplo, v\u00eddeos) de otros sitios web. Este contenido se comporta como si hubieras visitado ese sitio web. Estos sitios pueden recopilar datos, usar cookies y supervisar tu interacci\u00f3n. Consulta sus pol\u00edticas de privacidad directamente.<\/p>\n<p class=\"my-0\"><strong>Con qui\u00e9n compartimos sus datos<\/strong><\/p>\n<p class=\"my-0\">No compartimos datos personales con terceros a menos que sea legalmente requerido.<\/p>\n<p class=\"my-0\"><strong>Cu\u00e1nto tiempo conservamos sus datos<\/strong><\/p>\n<p class=\"my-0\">Los datos de registro (p. ej., direcciones IP) se conservan hasta un a\u00f1o. La retenci\u00f3n de datos de cookies var\u00eda.<\/p>\n<p class=\"my-0\"><strong>Sus derechos sobre sus datos<\/strong><\/p>\n<p class=\"my-0\">Tiene derecho a solicitar detalles de los datos que conservamos. Cont\u00e1ctenos para obtener ayuda.<\/p>\n<p class=\"my-0\"><strong>D\u00f3nde se env\u00edan sus datos<\/strong><\/p>\n<p class=\"my-0\">Los datos anal\u00edticos pueden enviarse a servicios como Google Analytics para analizar el comportamiento de los visitantes y as\u00ed mejorar el sitio web.<\/p>\n<p class=\"my-0\"><strong>Informaci\u00f3n del contacto<\/strong><\/p>\n<p class=\"my-0\">Para preguntas o inquietudes:<\/p>\n<h2 class=\"mb-xs mt-5 text-base font-&#091;525&#093; first:mt-3\"><span style=\"font-size: 16px;\">Restoration House Family Worship Center<\/span><\/h2>\n<p class=\"my-0\">Sitio web: <a class=\"break-word hover:text-super hover:decoration-super dark:hover:text-superDark dark:hover:decoration-superDark underline decoration-from-font underline-offset-1 transition-all duration-300\" href=\"https:\/\/myrh.org\/es\/\" target=\"_blank\" rel=\"nofollow noopener\">https:\/\/myrh.org<\/a><br \/>\nEmail us here: <a href=\"https:\/\/myrh.org\/es\/contact\/\">https:\/\/myrh.org\/contact\/<\/a><\/p>\n<hr \/>\n<p class=\"my-0\">Esta Pol\u00edtica de Privacidad garantiza el cumplimiento de las expectativas b\u00e1sicas de privacidad y al mismo tiempo es concisa y f\u00e1cil de usar para los visitantes de MYRH.org.<\/p>\n<\/div>\n<\/div>\n\n\t\t<\/div>\n\t<\/div>\n<\/div><\/div><\/div><\/div>\n<\/div>","protected":false},"excerpt":{"rendered":"Updated March 2025 Privacy Policy Who We Are Restoration House Family Worship Center is committed to protecting your privacy. Our [...]","protected":false},"author":1,"featured_media":0,"parent":0,"menu_order":0,"comment_status":"closed","ping_status":"open","template":"","meta":{"_coblocks_attr":"","_coblocks_dimensions":"","_coblocks_responsive_height":"","_coblocks_accordion_ie_support":"","site-sidebar-layout":"default","site-content-layout":"plain-container","ast-site-content-layout":"default","site-content-style":"default","site-sidebar-style":"default","ast-global-header-display":"","ast-banner-title-visibility":"disabled","ast-main-header-display":"","ast-hfb-above-header-display":"","ast-hfb-below-header-display":"","ast-hfb-mobile-header-display":"","site-post-title":"disabled","ast-breadcrumbs-content":"","ast-featured-img":"","footer-sml-layout":"","ast-disable-related-posts":"","theme-transparent-header-meta":"default","adv-header-id-meta":"","stick-header-meta":"","header-above-stick-meta":"","header-main-stick-meta":"","header-below-stick-meta":"","astra-migrate-meta-layouts":"set","ast-page-background-enabled":"default","ast-page-background-meta":{"desktop":{"background-color":"var(--ast-global-color-4)","background-image":"","background-repeat":"repeat","background-position":"center center","background-size":"auto","background-attachment":"scroll","background-type":"","background-media":"","overlay-type":"","overlay-color":"","overlay-opacity":"","overlay-gradient":""},"tablet":{"background-color":"","background-image":"","background-repeat":"repeat","background-position":"center center","background-size":"auto","background-attachment":"scroll","background-type":"","background-media":"","overlay-type":"","overlay-color":"","overlay-opacity":"","overlay-gradient":""},"mobile":{"background-color":"","background-image":"","background-repeat":"repeat","background-position":"center center","background-size":"auto","background-attachment":"scroll","background-type":"","background-media":"","overlay-type":"","overlay-color":"","overlay-opacity":"","overlay-gradient":""}},"ast-content-background-meta":{"desktop":{"background-color":"var(--ast-global-color-5)","background-image":"","background-repeat":"repeat","background-position":"center center","background-size":"auto","background-attachment":"scroll","background-type":"","background-media":"","overlay-type":"","overlay-color":"","overlay-opacity":"","overlay-gradient":""},"tablet":{"background-color":"var(--ast-global-color-5)","background-image":"","background-repeat":"repeat","background-position":"center center","background-size":"auto","background-attachment":"scroll","background-type":"","background-media":"","overlay-type":"","overlay-color":"","overlay-opacity":"","overlay-gradient":""},"mobile":{"background-color":"var(--ast-global-color-5)","background-image":"","background-repeat":"repeat","background-position":"center center","background-size":"auto","background-attachment":"scroll","background-type":"","background-media":"","overlay-type":"","overlay-color":"","overlay-opacity":"","overlay-gradient":""}},"_price":"","_stock":"","_tribe_ticket_header":"","_tribe_default_ticket_provider":"","_tribe_ticket_capacity":"0","_ticket_start_date":"","_ticket_end_date":"","_tribe_ticket_show_description":"","_tribe_ticket_show_not_going":false,"_tribe_ticket_use_global_stock":"","_tribe_ticket_global_stock_level":"","_global_stock_mode":"","_global_stock_cap":"","_tribe_rsvp_for_event":"","_tribe_ticket_going_count":"","_tribe_ticket_not_going_count":"","_tribe_tickets_list":"[]","_tribe_ticket_has_attendee_info_fields":false,"footnotes":"","_tec_slr_enabled":"","_tec_slr_layout":""},"class_list":["post-3","page","type-page","status-publish","hentry"],"yoast_head":"<!-- This site is optimized with the Yoast SEO plugin v27.5 - https:\/\/yoast.com\/product\/yoast-seo-wordpress\/ -->\n<title>Privacy Policy - RH Family Worship Center<\/title>\n<meta name=\"description\" content=\"Read Restoration House\u2019s privacy policy\u2014how we protect your data and respect your privacy as a church in Hopkinsville.\" \/>\n<meta name=\"robots\" content=\"index, follow, max-snippet:-1, max-image-preview:large, max-video-preview:-1\" \/>\n<link rel=\"canonical\" href=\"https:\/\/myrh.org\/es\/privacy-policy\/\" \/>\n<meta property=\"og:locale\" content=\"es_MX\" \/>\n<meta property=\"og:type\" content=\"article\" \/>\n<meta property=\"og:title\" content=\"Privacy Policy - RH Family Worship Center\" \/>\n<meta property=\"og:description\" content=\"Read Restoration House\u2019s privacy policy\u2014how we protect your data and respect your privacy as a church in Hopkinsville.\" \/>\n<meta property=\"og:url\" content=\"https:\/\/myrh.org\/es\/privacy-policy\/\" \/>\n<meta property=\"og:site_name\" content=\"RH Family Worship Center\" \/>\n<meta property=\"article:publisher\" content=\"https:\/\/www.facebook.com\/RHhopkinsville\" \/>\n<meta property=\"article:modified_time\" content=\"2025-06-11T15:54:02+00:00\" \/>\n<meta property=\"og:image\" content=\"https:\/\/myrh.org\/wp-content\/uploads\/2024\/07\/RH-pastors-site-image-1200-x-675-px.jpg\" \/>\n\t<meta property=\"og:image:width\" content=\"1200\" \/>\n\t<meta property=\"og:image:height\" content=\"675\" \/>\n\t<meta property=\"og:image:type\" content=\"image\/jpeg\" \/>\n<meta name=\"twitter:card\" content=\"summary_large_image\" \/>\n<meta name=\"twitter:label1\" content=\"Tiempo de lectura\" \/>\n\t<meta name=\"twitter:data1\" content=\"2 minutos\" \/>\n<script type=\"application\/ld+json\" class=\"yoast-schema-graph\">{\"@context\":\"https:\\\/\\\/schema.org\",\"@graph\":[{\"@type\":\"WebPage\",\"@id\":\"https:\\\/\\\/myrh.org\\\/privacy-policy\\\/\",\"url\":\"https:\\\/\\\/myrh.org\\\/privacy-policy\\\/\",\"name\":\"Privacy Policy - RH Family Worship Center\",\"isPartOf\":{\"@id\":\"https:\\\/\\\/myrh.org\\\/#website\"},\"datePublished\":\"2024-04-18T17:07:16+00:00\",\"dateModified\":\"2025-06-11T15:54:02+00:00\",\"description\":\"Read Restoration House\u2019s privacy policy\u2014how we protect your data and respect your privacy as a church in Hopkinsville.\",\"breadcrumb\":{\"@id\":\"https:\\\/\\\/myrh.org\\\/privacy-policy\\\/#breadcrumb\"},\"inLanguage\":\"es\",\"potentialAction\":[{\"@type\":\"ReadAction\",\"target\":[\"https:\\\/\\\/myrh.org\\\/privacy-policy\\\/\"]}]},{\"@type\":\"BreadcrumbList\",\"@id\":\"https:\\\/\\\/myrh.org\\\/privacy-policy\\\/#breadcrumb\",\"itemListElement\":[{\"@type\":\"ListItem\",\"position\":1,\"name\":\"Home\",\"item\":\"https:\\\/\\\/myrh.org\\\/\"},{\"@type\":\"ListItem\",\"position\":2,\"name\":\"Privacy Policy\"}]},{\"@type\":\"WebSite\",\"@id\":\"https:\\\/\\\/myrh.org\\\/#website\",\"url\":\"https:\\\/\\\/myrh.org\\\/\",\"name\":\"Restoration House Family Worship Center\",\"description\":\"A Multi-ethnic Family Church\",\"publisher\":{\"@id\":\"https:\\\/\\\/myrh.org\\\/#organization\"},\"alternateName\":\"myRH\",\"potentialAction\":[{\"@type\":\"SearchAction\",\"target\":{\"@type\":\"EntryPoint\",\"urlTemplate\":\"https:\\\/\\\/myrh.org\\\/?s={search_term_string}\"},\"query-input\":{\"@type\":\"PropertyValueSpecification\",\"valueRequired\":true,\"valueName\":\"search_term_string\"}}],\"inLanguage\":\"es\"},{\"@type\":\"Organization\",\"@id\":\"https:\\\/\\\/myrh.org\\\/#organization\",\"name\":\"Restoration House Family Worship Center\",\"alternateName\":\"myRH\",\"url\":\"https:\\\/\\\/myrh.org\\\/\",\"logo\":{\"@type\":\"ImageObject\",\"inLanguage\":\"es\",\"@id\":\"https:\\\/\\\/myrh.org\\\/#\\\/schema\\\/logo\\\/image\\\/\",\"url\":\"https:\\\/\\\/myrh.org\\\/wp-content\\\/uploads\\\/2024\\\/05\\\/RH-website-logo-white-100px.png\",\"contentUrl\":\"https:\\\/\\\/myrh.org\\\/wp-content\\\/uploads\\\/2024\\\/05\\\/RH-website-logo-white-100px.png\",\"width\":100,\"height\":100,\"caption\":\"Restoration House Family Worship Center\"},\"image\":{\"@id\":\"https:\\\/\\\/myrh.org\\\/#\\\/schema\\\/logo\\\/image\\\/\"},\"sameAs\":[\"https:\\\/\\\/www.facebook.com\\\/RHhopkinsville\"]}]}<\/script>\n<!-- \/ Yoast SEO plugin. -->","yoast_head_json":{"title":"Privacy Policy - RH Family Worship Center","description":"Read Restoration House\u2019s privacy policy\u2014how we protect your data and respect your privacy as a church in Hopkinsville.","robots":{"index":"index","follow":"follow","max-snippet":"max-snippet:-1","max-image-preview":"max-image-preview:large","max-video-preview":"max-video-preview:-1"},"canonical":"https:\/\/myrh.org\/es\/privacy-policy\/","og_locale":"es_MX","og_type":"article","og_title":"Privacy Policy - RH Family Worship Center","og_description":"Read Restoration House\u2019s privacy policy\u2014how we protect your data and respect your privacy as a church in Hopkinsville.","og_url":"https:\/\/myrh.org\/es\/privacy-policy\/","og_site_name":"RH Family Worship Center","article_publisher":"https:\/\/www.facebook.com\/RHhopkinsville","article_modified_time":"2025-06-11T15:54:02+00:00","og_image":[{"width":1200,"height":675,"url":"https:\/\/myrh.org\/wp-content\/uploads\/2024\/07\/RH-pastors-site-image-1200-x-675-px.jpg","type":"image\/jpeg"}],"twitter_card":"summary_large_image","twitter_misc":{"Tiempo de lectura":"2 minutos"},"schema":{"@context":"https:\/\/schema.org","@graph":[{"@type":"WebPage","@id":"https:\/\/myrh.org\/privacy-policy\/","url":"https:\/\/myrh.org\/privacy-policy\/","name":"Privacy Policy - RH Family Worship Center","isPartOf":{"@id":"https:\/\/myrh.org\/#website"},"datePublished":"2024-04-18T17:07:16+00:00","dateModified":"2025-06-11T15:54:02+00:00","description":"Read Restoration House\u2019s privacy policy\u2014how we protect your data and respect your privacy as a church in Hopkinsville.","breadcrumb":{"@id":"https:\/\/myrh.org\/privacy-policy\/#breadcrumb"},"inLanguage":"es","potentialAction":[{"@type":"ReadAction","target":["https:\/\/myrh.org\/privacy-policy\/"]}]},{"@type":"BreadcrumbList","@id":"https:\/\/myrh.org\/privacy-policy\/#breadcrumb","itemListElement":[{"@type":"ListItem","position":1,"name":"Home","item":"https:\/\/myrh.org\/"},{"@type":"ListItem","position":2,"name":"Privacy Policy"}]},{"@type":"WebSite","@id":"https:\/\/myrh.org\/#website","url":"https:\/\/myrh.org\/","name":"Restoration House Family Worship Center","description":"A Multi-ethnic Family Church","publisher":{"@id":"https:\/\/myrh.org\/#organization"},"alternateName":"myRH","potentialAction":[{"@type":"SearchAction","target":{"@type":"EntryPoint","urlTemplate":"https:\/\/myrh.org\/?s={search_term_string}"},"query-input":{"@type":"PropertyValueSpecification","valueRequired":true,"valueName":"search_term_string"}}],"inLanguage":"es"},{"@type":"Organization","@id":"https:\/\/myrh.org\/#organization","name":"Restoration House Family Worship Center","alternateName":"myRH","url":"https:\/\/myrh.org\/","logo":{"@type":"ImageObject","inLanguage":"es","@id":"https:\/\/myrh.org\/#\/schema\/logo\/image\/","url":"https:\/\/myrh.org\/wp-content\/uploads\/2024\/05\/RH-website-logo-white-100px.png","contentUrl":"https:\/\/myrh.org\/wp-content\/uploads\/2024\/05\/RH-website-logo-white-100px.png","width":100,"height":100,"caption":"Restoration House Family Worship Center"},"image":{"@id":"https:\/\/myrh.org\/#\/schema\/logo\/image\/"},"sameAs":["https:\/\/www.facebook.com\/RHhopkinsville"]}]}},"ticketed":false,"_links":{"self":[{"href":"https:\/\/myrh.org\/es\/wp-json\/wp\/v2\/pages\/3","targetHints":{"allow":["GET"]}}],"collection":[{"href":"https:\/\/myrh.org\/es\/wp-json\/wp\/v2\/pages"}],"about":[{"href":"https:\/\/myrh.org\/es\/wp-json\/wp\/v2\/types\/page"}],"author":[{"embeddable":true,"href":"https:\/\/myrh.org\/es\/wp-json\/wp\/v2\/users\/1"}],"replies":[{"embeddable":true,"href":"https:\/\/myrh.org\/es\/wp-json\/wp\/v2\/comments?post=3"}],"version-history":[{"count":3,"href":"https:\/\/myrh.org\/es\/wp-json\/wp\/v2\/pages\/3\/revisions"}],"predecessor-version":[{"id":1984,"href":"https:\/\/myrh.org\/es\/wp-json\/wp\/v2\/pages\/3\/revisions\/1984"}],"wp:attachment":[{"href":"https:\/\/myrh.org\/es\/wp-json\/wp\/v2\/media?parent=3"}],"curies":[{"name":"wp","href":"https:\/\/api.w.org\/{rel}","templated":true}]}}