{"id":14,"date":"2024-04-18T17:07:44","date_gmt":"2024-04-18T17:07:44","guid":{"rendered":"https:\/\/myrh.org\/contact\/"},"modified":"2025-10-07T14:33:16","modified_gmt":"2025-10-07T19:33:16","slug":"contact","status":"publish","type":"page","link":"https:\/\/myrh.org\/es\/contact\/","title":{"rendered":"Contacto"},"content":{"rendered":"<div class=\"wpb-content-wrapper\"><div data-vc-full-width=\"true\" data-vc-full-width-init=\"false\" data-vc-stretch-content=\"true\" class=\"vc_row wpb_row vc_row-fluid vc_custom_1731787317778 vc_row-no-padding\"><div class=\"wpb_column vc_column_container vc_col-sm-12\"><div class=\"vc_column-inner\"><div class=\"wpb_wrapper\">\n\t<div class=\"wpb_text_column wpb_content_element vc_custom_1755650659793\" >\n\t\t<div class=\"wpb_wrapper\">\n\t\t\t<p style=\"text-align: center;\"><span style=\"font-size: 10px; color: #7c7873;\"><span style=\"color: #ffffff;\"><strong>DOMINGOS 10:00 AM \u00a0|  MI\u00c9RCOLES 6:00 PM<\/strong><\/span><br \/>\n<\/span><\/p>\n\n\t\t<\/div>\n\t<\/div>\n<\/div><\/div><\/div><\/div><div class=\"vc_row-full-width vc_clearfix\"><\/div><div data-vc-full-width=\"true\" data-vc-full-width-init=\"false\" data-vc-stretch-content=\"true\" class=\"vc_row wpb_row vc_row-fluid vc_row-no-padding vc_row-o-content-middle vc_row-flex\"><div class=\"wpb_column vc_column_container vc_col-sm-12\"><div class=\"vc_column-inner\"><div class=\"wpb_wrapper\"><div class=\"vc_row wpb_row vc_inner vc_row-fluid\"><div class=\"wpb_column vc_column_container vc_col-sm-2\"><div class=\"vc_column-inner\"><div class=\"wpb_wrapper\"><\/div><\/div><\/div><div class=\"wpb_column vc_column_container vc_col-sm-8\"><div class=\"vc_column-inner\"><div class=\"wpb_wrapper\"><h1 style=\"color: #1ec1fc;text-align: center\" class=\"vc_custom_heading vc_do_custom_heading wpb_animate_when_almost_visible wpb_fadeIn fadeIn\" >Conectar con<br \/>\nen \"Casa de Restauraci\u00f3n\"<\/h1><div class=\"vc_empty_space\"   style=\"height: 32px\"><span class=\"vc_empty_space_inner\"><\/span><\/div>\n\t<div class=\"wpb_text_column wpb_content_element vc_custom_1723044494105\" >\n\t\t<div class=\"wpb_wrapper\">\n\t\t\t<p>Si su b\u00fasqueda para conectarse con \u201cuna iglesia cerca de usted que sirve al Se\u00f1or\u201d lo trajo aqu\u00ed; entonces comun\u00edquese con nosotros utilizando el formulario a continuaci\u00f3n y descubra c\u00f3mo puede ser parte de nuestra comunidad.<\/p>\n<p>En Restoration House en Hopkinsville, KY puede contar con lo siguiente:<\/p>\n<p style=\"padding-left: 40px;\">\u2022 Servicios de adoraci\u00f3n dominicales a las 10 AM<br \/>\n\u2022 Noches familiares los mi\u00e9rcoles a las 6:00 PM<br \/>\n\u2022 Ministerios para ni\u00f1os (Kingdom Kids)<br \/>\n\u2022 Programas para j\u00f3venes (ida y vuelta)<br \/>\n\u2022 Estudios b\u00edblicos para adultos<br \/>\n\u2022 Trail Life USA para ni\u00f1os<br \/>\n\u2022 Programas de extensi\u00f3n comunitaria<\/p>\n<p>\u00a1Esperamos conectarnos con usted y ayudarlo a crecer en la fe en Restoration House, donde todos son bienvenidos!<\/p>\n\n\t\t<\/div>\n\t<\/div>\n<div class=\"vc_empty_space\"   style=\"height: 32px\"><span class=\"vc_empty_space_inner\"><\/span><\/div><\/div><\/div><\/div><div class=\"wpb_column vc_column_container vc_col-sm-2\"><div class=\"vc_column-inner\"><div class=\"wpb_wrapper\"><\/div><\/div><\/div><\/div><div class=\"vc_row wpb_row vc_inner vc_row-fluid\"><div class=\"wpb_column vc_column_container vc_col-sm-12\"><div class=\"vc_column-inner\"><div class=\"wpb_wrapper\">\n\t<div class=\"wpb_raw_code wpb_raw_html wpb_content_element vc_custom_1723044291971\" >\n\t\t<div class=\"wpb_wrapper\">\n\t\t\t<iframe loading=\"lazy\" src=\"https:\/\/myrh.ccbchurch.com\/goto\/forms\/224\/responses\/new\" width=\"100%\" height=\"600\" frameborder=\"0\" scrolling=\"auto\">\n  <p>Your browser does not support iframes. Please visit <a href=\"https:\/\/myrh.ccbchurch.com\/goto\/forms\/224\/responses\/new\">https:\/\/myrh.ccbchurch.com\/goto\/forms\/224\/responses\/new<\/a> to fill out the form.<\/p>\n<\/iframe>\n\t\t<\/div>\n\t<\/div>\n<\/div><\/div><\/div><\/div><div class=\"vc_row wpb_row vc_inner vc_row-fluid\"><div class=\"wpb_column vc_column_container vc_col-sm-2\"><div class=\"vc_column-inner\"><div class=\"wpb_wrapper\"><\/div><\/div><\/div><div class=\"wpb_column vc_column_container vc_col-sm-8\"><div class=\"vc_column-inner vc_custom_1722105024498\"><div class=\"wpb_wrapper\"><div class=\"vc_empty_space\"   style=\"height: 64px\"><span class=\"vc_empty_space_inner\"><\/span><\/div>\n\t<div class=\"wpb_text_column wpb_content_element vc_custom_1723044421852\" >\n\t\t<div class=\"wpb_wrapper\">\n\t\t\t<p style=\"text-align: center;\">Estamos emocionados de saber de usted y ayudarlo a encontrar su lugar en nuestra iglesia familiar vibrante y multicultural.<br \/>\nYa sea que sea nuevo en el \u00e1rea, est\u00e9 buscando un hogar espiritual o tenga preguntas sobre nuestros ministerios, estamos aqu\u00ed para conectarnos con usted.<\/p>\n\n\t\t<\/div>\n\t<\/div>\n<div class=\"vc_empty_space\"   style=\"height: 32px\"><span class=\"vc_empty_space_inner\"><\/span><\/div><\/div><\/div><\/div><div class=\"wpb_column vc_column_container vc_col-sm-2\"><div class=\"vc_column-inner vc_custom_1722104949256\"><div class=\"wpb_wrapper\"><\/div><\/div><\/div><\/div><\/div><\/div><\/div><\/div><div class=\"vc_row-full-width vc_clearfix\"><\/div><div data-vc-full-width=\"true\" data-vc-full-width-init=\"false\" data-vc-stretch-content=\"true\" class=\"vc_row wpb_row vc_row-fluid vc_custom_1719938241139 vc_row-has-fill\"><div class=\"wpb_column vc_column_container vc_col-sm-3\"><div class=\"vc_column-inner\"><div class=\"wpb_wrapper\"><\/div><\/div><\/div><div class=\"wpb_column vc_column_container vc_col-sm-6\"><div class=\"vc_column-inner\"><div class=\"wpb_wrapper\"><div class=\"vc_row wpb_row vc_inner vc_row-fluid\"><div class=\"wpb_column vc_column_container vc_col-sm-6\"><div class=\"vc_column-inner\"><div class=\"wpb_wrapper\"><section class=\"vc_cta3-container\"><div class=\"vc_general vc_do_cta3 vc_cta3 vc_cta3-style-3d vc_cta3-shape-rounded vc_cta3-align-center vc_cta3-color-grey vc_cta3-icon-size-md vc_cta3-actions-bottom\"><div class=\"vc_cta3_content-container\"><div class=\"vc_cta3-content\"><header class=\"vc_cta3-content-header\"><h2>Obtenga nuestro app RH<\/h2><h4>para Apple<\/h4><\/header><p><img loading=\"lazy\" decoding=\"async\" class=\"size-medium wp-image-283 aligncenter\" src=\"https:\/\/myrh.org\/wp-content\/uploads\/2024\/05\/RH-available-on-the-app-store-apple2-300x210.jpeg\" alt=\"\" width=\"300\" height=\"210\" srcset=\"https:\/\/myrh.org\/wp-content\/uploads\/2024\/05\/RH-available-on-the-app-store-apple2-300x210.jpeg 300w, https:\/\/myrh.org\/wp-content\/uploads\/2024\/05\/RH-available-on-the-app-store-apple2.jpeg 600w\" sizes=\"auto, (max-width: 300px) 100vw, 300px\" \/><\/p>\n<\/div><div class=\"vc_cta3-actions\"><div class=\"vc_btn3-container  wpb_animate_when_almost_visible wpb_fadeInUp fadeInUp vc_btn3-center vc_do_btn\" ><a class=\"vc_general vc_btn3 vc_btn3-size-md vc_btn3-shape-round vc_btn3-style-3d vc_btn3-color-white\" href=\"https:\/\/apps.apple.com\/us\/app\/restoration-house-fwc\/id1237314987\" title=\"\">Descarga para iPhone<\/a><\/div><\/div><\/div><\/div><\/section><\/div><\/div><\/div><div class=\"wpb_column vc_column_container vc_col-sm-6\"><div class=\"vc_column-inner\"><div class=\"wpb_wrapper\"><section class=\"vc_cta3-container\"><div class=\"vc_general vc_do_cta3 vc_cta3 vc_cta3-style-3d vc_cta3-shape-rounded vc_cta3-align-center vc_cta3-color-grey vc_cta3-icon-size-md vc_cta3-actions-bottom\"><div class=\"vc_cta3_content-container\"><div class=\"vc_cta3-content\"><header class=\"vc_cta3-content-header\"><h2>Obtenga nuestro app RH<\/h2><h4>Para Android<\/h4><\/header><p><img loading=\"lazy\" decoding=\"async\" class=\"wp-image-282 size-medium aligncenter\" src=\"https:\/\/myrh.org\/wp-content\/uploads\/2024\/05\/RH-available-on-the-app-store-android2-300x210.jpeg\" alt=\"\" width=\"300\" height=\"210\" srcset=\"https:\/\/myrh.org\/wp-content\/uploads\/2024\/05\/RH-available-on-the-app-store-android2-300x210.jpeg 300w, https:\/\/myrh.org\/wp-content\/uploads\/2024\/05\/RH-available-on-the-app-store-android2.jpeg 600w\" sizes=\"auto, (max-width: 300px) 100vw, 300px\" \/><\/p>\n<\/div><div class=\"vc_cta3-actions\"><div class=\"vc_btn3-container  wpb_animate_when_almost_visible wpb_fadeInUp fadeInUp vc_btn3-center vc_do_btn\" ><a class=\"vc_general vc_btn3 vc_btn3-size-md vc_btn3-shape-round vc_btn3-style-3d vc_btn3-color-white\" href=\"https:\/\/play.google.com\/store\/apps\/details?id=com.echurchapps.restorationky\" title=\"\">Descarga para Android<\/a><\/div><\/div><\/div><\/div><\/section><\/div><\/div><\/div><\/div><\/div><\/div><\/div><div class=\"wpb_column vc_column_container vc_col-sm-3\"><div class=\"vc_column-inner\"><div class=\"wpb_wrapper\"><\/div><\/div><\/div><\/div><div class=\"vc_row-full-width vc_clearfix\"><\/div>\n<\/div>","protected":false},"excerpt":{"rendered":"SUNDAYS 10:00 AM \u00a0\u00a0| \u00a0\u00a0WEDNESDAYS 6:00 PM Connect with Restoration House If your search to connect with \"a church near [...]","protected":false},"author":1,"featured_media":78,"parent":0,"menu_order":0,"comment_status":"closed","ping_status":"closed","template":"","meta":{"_coblocks_attr":"","_coblocks_dimensions":"","_coblocks_responsive_height":"","_coblocks_accordion_ie_support":"","site-sidebar-layout":"no-sidebar","site-content-layout":"plain-container","ast-site-content-layout":"default","site-content-style":"default","site-sidebar-style":"default","ast-global-header-display":"","ast-banner-title-visibility":"","ast-main-header-display":"","ast-hfb-above-header-display":"","ast-hfb-below-header-display":"","ast-hfb-mobile-header-display":"","site-post-title":"disabled","ast-breadcrumbs-content":"","ast-featured-img":"disabled","footer-sml-layout":"","ast-disable-related-posts":"","theme-transparent-header-meta":"default","adv-header-id-meta":"","stick-header-meta":"","header-above-stick-meta":"","header-main-stick-meta":"","header-below-stick-meta":"","astra-migrate-meta-layouts":"set","ast-page-background-enabled":"default","ast-page-background-meta":{"desktop":{"background-color":"var(--ast-global-color-4)","background-image":"","background-repeat":"repeat","background-position":"center center","background-size":"auto","background-attachment":"scroll","background-type":"","background-media":"","overlay-type":"","overlay-color":"","overlay-opacity":"","overlay-gradient":""},"tablet":{"background-color":"","background-image":"","background-repeat":"repeat","background-position":"center center","background-size":"auto","background-attachment":"scroll","background-type":"","background-media":"","overlay-type":"","overlay-color":"","overlay-opacity":"","overlay-gradient":""},"mobile":{"background-color":"","background-image":"","background-repeat":"repeat","background-position":"center center","background-size":"auto","background-attachment":"scroll","background-type":"","background-media":"","overlay-type":"","overlay-color":"","overlay-opacity":"","overlay-gradient":""}},"ast-content-background-meta":{"desktop":{"background-color":"var(--ast-global-color-5)","background-image":"","background-repeat":"repeat","background-position":"center center","background-size":"auto","background-attachment":"scroll","background-type":"","background-media":"","overlay-type":"","overlay-color":"","overlay-opacity":"","overlay-gradient":""},"tablet":{"background-color":"var(--ast-global-color-5)","background-image":"","background-repeat":"repeat","background-position":"center center","background-size":"auto","background-attachment":"scroll","background-type":"","background-media":"","overlay-type":"","overlay-color":"","overlay-opacity":"","overlay-gradient":""},"mobile":{"background-color":"var(--ast-global-color-5)","background-image":"","background-repeat":"repeat","background-position":"center center","background-size":"auto","background-attachment":"scroll","background-type":"","background-media":"","overlay-type":"","overlay-color":"","overlay-opacity":"","overlay-gradient":""}},"_price":"","_stock":"","_tribe_ticket_header":"","_tribe_default_ticket_provider":"","_tribe_ticket_capacity":"0","_ticket_start_date":"","_ticket_end_date":"","_tribe_ticket_show_description":"","_tribe_ticket_show_not_going":false,"_tribe_ticket_use_global_stock":"","_tribe_ticket_global_stock_level":"","_global_stock_mode":"","_global_stock_cap":"","_tribe_rsvp_for_event":"","_tribe_ticket_going_count":"","_tribe_ticket_not_going_count":"","_tribe_tickets_list":"[]","_tribe_ticket_has_attendee_info_fields":false,"footnotes":"","_tec_slr_enabled":"","_tec_slr_layout":""},"class_list":["post-14","page","type-page","status-publish","has-post-thumbnail","hentry"],"yoast_head":"<!-- This site is optimized with the Yoast SEO plugin v27.5 - https:\/\/yoast.com\/product\/yoast-seo-wordpress\/ -->\n<title>Contact - RH Family Worship Center<\/title>\n<meta name=\"description\" content=\"Contact Restoration House in Hopkinsville for questions, support, or prayer. Find our church address, phone, and email here.\" \/>\n<meta name=\"robots\" content=\"index, follow, max-snippet:-1, max-image-preview:large, max-video-preview:-1\" \/>\n<link rel=\"canonical\" href=\"https:\/\/myrh.org\/es\/contact\/\" \/>\n<meta property=\"og:locale\" content=\"es_MX\" \/>\n<meta property=\"og:type\" content=\"article\" \/>\n<meta property=\"og:title\" content=\"Restoration House Family Worship Center\" \/>\n<meta property=\"og:description\" content=\"Contact Restoration House in Hopkinsville for questions, support, or prayer. Find our church address, phone, and email here.\" \/>\n<meta property=\"og:url\" content=\"https:\/\/myrh.org\/es\/contact\/\" \/>\n<meta property=\"og:site_name\" content=\"RH Family Worship Center\" \/>\n<meta property=\"article:publisher\" content=\"https:\/\/www.facebook.com\/RHhopkinsville\" \/>\n<meta property=\"article:modified_time\" content=\"2025-10-07T19:33:16+00:00\" \/>\n<meta property=\"og:image\" content=\"https:\/\/myrh.org\/wp-content\/uploads\/2024\/05\/Website-IMG_3511-church-sign.jpeg\" \/>\n\t<meta property=\"og:image:width\" content=\"1920\" \/>\n\t<meta property=\"og:image:height\" content=\"1080\" \/>\n\t<meta property=\"og:image:type\" content=\"image\/jpeg\" \/>\n<meta name=\"twitter:card\" content=\"summary_large_image\" \/>\n<meta name=\"twitter:title\" content=\"Restoration House Family Worship Center\" \/>\n<meta name=\"twitter:description\" content=\"Contact Restoration House in Hopkinsville for questions, support, or prayer. Find our church address, phone, and email here.\" \/>\n<meta name=\"twitter:image\" content=\"https:\/\/myrh.org\/wp-content\/uploads\/2024\/05\/Website-IMG_3511-church-sign.jpeg\" \/>\n<meta name=\"twitter:label1\" content=\"Tiempo de lectura\" \/>\n\t<meta name=\"twitter:data1\" content=\"2 minutos\" \/>\n<script type=\"application\/ld+json\" class=\"yoast-schema-graph\">{\"@context\":\"https:\\\/\\\/schema.org\",\"@graph\":[{\"@type\":\"WebPage\",\"@id\":\"https:\\\/\\\/myrh.org\\\/contact\\\/\",\"url\":\"https:\\\/\\\/myrh.org\\\/contact\\\/\",\"name\":\"Contact - RH Family Worship Center\",\"isPartOf\":{\"@id\":\"https:\\\/\\\/myrh.org\\\/#website\"},\"primaryImageOfPage\":{\"@id\":\"https:\\\/\\\/myrh.org\\\/contact\\\/#primaryimage\"},\"image\":{\"@id\":\"https:\\\/\\\/myrh.org\\\/contact\\\/#primaryimage\"},\"thumbnailUrl\":\"https:\\\/\\\/myrh.org\\\/wp-content\\\/uploads\\\/2024\\\/05\\\/Website-IMG_3511-church-sign.jpeg\",\"datePublished\":\"2024-04-18T17:07:44+00:00\",\"dateModified\":\"2025-10-07T19:33:16+00:00\",\"description\":\"Contact Restoration House in Hopkinsville for questions, support, or prayer. Find our church address, phone, and email here.\",\"breadcrumb\":{\"@id\":\"https:\\\/\\\/myrh.org\\\/contact\\\/#breadcrumb\"},\"inLanguage\":\"es\",\"potentialAction\":[{\"@type\":\"ReadAction\",\"target\":[\"https:\\\/\\\/myrh.org\\\/contact\\\/\"]}]},{\"@type\":\"ImageObject\",\"inLanguage\":\"es\",\"@id\":\"https:\\\/\\\/myrh.org\\\/contact\\\/#primaryimage\",\"url\":\"https:\\\/\\\/myrh.org\\\/wp-content\\\/uploads\\\/2024\\\/05\\\/Website-IMG_3511-church-sign.jpeg\",\"contentUrl\":\"https:\\\/\\\/myrh.org\\\/wp-content\\\/uploads\\\/2024\\\/05\\\/Website-IMG_3511-church-sign.jpeg\",\"width\":1920,\"height\":1080,\"caption\":\"Welcome Sign\"},{\"@type\":\"BreadcrumbList\",\"@id\":\"https:\\\/\\\/myrh.org\\\/contact\\\/#breadcrumb\",\"itemListElement\":[{\"@type\":\"ListItem\",\"position\":1,\"name\":\"Home\",\"item\":\"https:\\\/\\\/myrh.org\\\/\"},{\"@type\":\"ListItem\",\"position\":2,\"name\":\"Contact\"}]},{\"@type\":\"WebSite\",\"@id\":\"https:\\\/\\\/myrh.org\\\/#website\",\"url\":\"https:\\\/\\\/myrh.org\\\/\",\"name\":\"Restoration House Family Worship Center\",\"description\":\"A Multi-ethnic Family Church\",\"publisher\":{\"@id\":\"https:\\\/\\\/myrh.org\\\/#organization\"},\"alternateName\":\"myRH\",\"potentialAction\":[{\"@type\":\"SearchAction\",\"target\":{\"@type\":\"EntryPoint\",\"urlTemplate\":\"https:\\\/\\\/myrh.org\\\/?s={search_term_string}\"},\"query-input\":{\"@type\":\"PropertyValueSpecification\",\"valueRequired\":true,\"valueName\":\"search_term_string\"}}],\"inLanguage\":\"es\"},{\"@type\":\"Organization\",\"@id\":\"https:\\\/\\\/myrh.org\\\/#organization\",\"name\":\"Restoration House Family Worship Center\",\"alternateName\":\"myRH\",\"url\":\"https:\\\/\\\/myrh.org\\\/\",\"logo\":{\"@type\":\"ImageObject\",\"inLanguage\":\"es\",\"@id\":\"https:\\\/\\\/myrh.org\\\/#\\\/schema\\\/logo\\\/image\\\/\",\"url\":\"https:\\\/\\\/myrh.org\\\/wp-content\\\/uploads\\\/2024\\\/05\\\/RH-website-logo-white-100px.png\",\"contentUrl\":\"https:\\\/\\\/myrh.org\\\/wp-content\\\/uploads\\\/2024\\\/05\\\/RH-website-logo-white-100px.png\",\"width\":100,\"height\":100,\"caption\":\"Restoration House Family Worship Center\"},\"image\":{\"@id\":\"https:\\\/\\\/myrh.org\\\/#\\\/schema\\\/logo\\\/image\\\/\"},\"sameAs\":[\"https:\\\/\\\/www.facebook.com\\\/RHhopkinsville\"]}]}<\/script>\n<!-- \/ Yoast SEO plugin. -->","yoast_head_json":{"title":"Contact - RH Family Worship Center","description":"Contact Restoration House in Hopkinsville for questions, support, or prayer. Find our church address, phone, and email here.","robots":{"index":"index","follow":"follow","max-snippet":"max-snippet:-1","max-image-preview":"max-image-preview:large","max-video-preview":"max-video-preview:-1"},"canonical":"https:\/\/myrh.org\/es\/contact\/","og_locale":"es_MX","og_type":"article","og_title":"Restoration House Family Worship Center","og_description":"Contact Restoration House in Hopkinsville for questions, support, or prayer. Find our church address, phone, and email here.","og_url":"https:\/\/myrh.org\/es\/contact\/","og_site_name":"RH Family Worship Center","article_publisher":"https:\/\/www.facebook.com\/RHhopkinsville","article_modified_time":"2025-10-07T19:33:16+00:00","og_image":[{"width":1920,"height":1080,"url":"https:\/\/myrh.org\/wp-content\/uploads\/2024\/05\/Website-IMG_3511-church-sign.jpeg","type":"image\/jpeg"}],"twitter_card":"summary_large_image","twitter_title":"Restoration House Family Worship Center","twitter_description":"Contact Restoration House in Hopkinsville for questions, support, or prayer. Find our church address, phone, and email here.","twitter_image":"https:\/\/myrh.org\/wp-content\/uploads\/2024\/05\/Website-IMG_3511-church-sign.jpeg","twitter_misc":{"Tiempo de lectura":"2 minutos"},"schema":{"@context":"https:\/\/schema.org","@graph":[{"@type":"WebPage","@id":"https:\/\/myrh.org\/contact\/","url":"https:\/\/myrh.org\/contact\/","name":"Contact - RH Family Worship Center","isPartOf":{"@id":"https:\/\/myrh.org\/#website"},"primaryImageOfPage":{"@id":"https:\/\/myrh.org\/contact\/#primaryimage"},"image":{"@id":"https:\/\/myrh.org\/contact\/#primaryimage"},"thumbnailUrl":"https:\/\/myrh.org\/wp-content\/uploads\/2024\/05\/Website-IMG_3511-church-sign.jpeg","datePublished":"2024-04-18T17:07:44+00:00","dateModified":"2025-10-07T19:33:16+00:00","description":"Contact Restoration House in Hopkinsville for questions, support, or prayer. Find our church address, phone, and email here.","breadcrumb":{"@id":"https:\/\/myrh.org\/contact\/#breadcrumb"},"inLanguage":"es","potentialAction":[{"@type":"ReadAction","target":["https:\/\/myrh.org\/contact\/"]}]},{"@type":"ImageObject","inLanguage":"es","@id":"https:\/\/myrh.org\/contact\/#primaryimage","url":"https:\/\/myrh.org\/wp-content\/uploads\/2024\/05\/Website-IMG_3511-church-sign.jpeg","contentUrl":"https:\/\/myrh.org\/wp-content\/uploads\/2024\/05\/Website-IMG_3511-church-sign.jpeg","width":1920,"height":1080,"caption":"Welcome Sign"},{"@type":"BreadcrumbList","@id":"https:\/\/myrh.org\/contact\/#breadcrumb","itemListElement":[{"@type":"ListItem","position":1,"name":"Home","item":"https:\/\/myrh.org\/"},{"@type":"ListItem","position":2,"name":"Contact"}]},{"@type":"WebSite","@id":"https:\/\/myrh.org\/#website","url":"https:\/\/myrh.org\/","name":"Restoration House Family Worship Center","description":"A Multi-ethnic Family Church","publisher":{"@id":"https:\/\/myrh.org\/#organization"},"alternateName":"myRH","potentialAction":[{"@type":"SearchAction","target":{"@type":"EntryPoint","urlTemplate":"https:\/\/myrh.org\/?s={search_term_string}"},"query-input":{"@type":"PropertyValueSpecification","valueRequired":true,"valueName":"search_term_string"}}],"inLanguage":"es"},{"@type":"Organization","@id":"https:\/\/myrh.org\/#organization","name":"Restoration House Family Worship Center","alternateName":"myRH","url":"https:\/\/myrh.org\/","logo":{"@type":"ImageObject","inLanguage":"es","@id":"https:\/\/myrh.org\/#\/schema\/logo\/image\/","url":"https:\/\/myrh.org\/wp-content\/uploads\/2024\/05\/RH-website-logo-white-100px.png","contentUrl":"https:\/\/myrh.org\/wp-content\/uploads\/2024\/05\/RH-website-logo-white-100px.png","width":100,"height":100,"caption":"Restoration House Family Worship Center"},"image":{"@id":"https:\/\/myrh.org\/#\/schema\/logo\/image\/"},"sameAs":["https:\/\/www.facebook.com\/RHhopkinsville"]}]}},"ticketed":false,"_links":{"self":[{"href":"https:\/\/myrh.org\/es\/wp-json\/wp\/v2\/pages\/14","targetHints":{"allow":["GET"]}}],"collection":[{"href":"https:\/\/myrh.org\/es\/wp-json\/wp\/v2\/pages"}],"about":[{"href":"https:\/\/myrh.org\/es\/wp-json\/wp\/v2\/types\/page"}],"author":[{"embeddable":true,"href":"https:\/\/myrh.org\/es\/wp-json\/wp\/v2\/users\/1"}],"replies":[{"embeddable":true,"href":"https:\/\/myrh.org\/es\/wp-json\/wp\/v2\/comments?post=14"}],"version-history":[{"count":39,"href":"https:\/\/myrh.org\/es\/wp-json\/wp\/v2\/pages\/14\/revisions"}],"predecessor-version":[{"id":1604,"href":"https:\/\/myrh.org\/es\/wp-json\/wp\/v2\/pages\/14\/revisions\/1604"}],"wp:featuredmedia":[{"embeddable":true,"href":"https:\/\/myrh.org\/es\/wp-json\/wp\/v2\/media\/78"}],"wp:attachment":[{"href":"https:\/\/myrh.org\/es\/wp-json\/wp\/v2\/media?parent=14"}],"curies":[{"name":"wp","href":"https:\/\/api.w.org\/{rel}","templated":true}]}}